{"id":98,"date":"2019-10-01T10:16:30","date_gmt":"2019-10-01T08:16:30","guid":{"rendered":"https:\/\/l-florescence.be\/?page_id=98"},"modified":"2025-11-20T10:46:12","modified_gmt":"2025-11-20T09:46:12","slug":"tarifs","status":"publish","type":"page","link":"https:\/\/l-florescence.be\/index.php\/tarifs\/","title":{"rendered":"Tarifs"},"content":{"rendered":"\n<p><strong><em><span class=\"has-inline-color has-black-color\">Formations<\/span><\/em><\/strong><\/p>\n\n\n\n<p class=\"has-black-color has-text-color\"><span class=\"has-inline-color has-black-color\">La demi journ\u00e9e:                                                                                  65 euros<\/span><\/p>\n\n\n\n<p class=\"has-black-color has-text-color\"><span class=\"has-inline-color has-black-color\">La journ\u00e9e compl\u00e8te:                                                                         129 euros<\/span><\/p>\n\n\n\n<p class=\"has-very-dark-gray-color has-text-color\"><strong><em><span class=\"has-inline-color has-black-color\">Energ\u00e9tique<\/span><\/em><\/strong><\/p>\n\n\n\n<p class=\"has-very-dark-gray-color has-text-color\"><span class=\"has-inline-color has-black-color\">Num\u00e9rologie Tib\u00e9taine et interpr\u00e9tations adulte 1h:                   65 euros<\/span><\/p>\n\n\n\n<p class=\"has-very-dark-gray-color has-text-color\"><span class=\"has-inline-color has-black-color\">New paradigm MDT ou LaHoChi 1h   adulte et ados:                   65 euros<\/span><\/p>\n\n\n\n<p class=\"has-very-dark-gray-color has-text-color\"><span class=\"has-inline-color has-black-color\">Nettoyage \u00e9nerg\u00e9tique de votre maison\/h:                                     65 euros<\/span><\/p>\n\n\n\n<p class=\"has-very-dark-gray-color has-text-color\"><span class=\"has-inline-color has-black-color\">Accompagnement\/coaching bien-\u00eatre 1h:                                       65 euros<\/span><\/p>\n\n\n\n<p class=\"has-very-dark-gray-color has-text-color\"><strong><em><span class=\"has-inline-color has-black-color\">Massages<\/span><\/em><\/strong><\/p>\n\n\n\n<p class=\"has-very-dark-gray-color has-text-color\"><span class=\"has-inline-color has-black-color\">Massage m\u00e9tamorphique 1h:                                                         65 euros<\/span><\/p>\n\n\n\n<p class=\"has-very-dark-gray-color has-text-color\"><span class=\"has-inline-color has-black-color\">Massage \u00e9nerg\u00e9tique 1h:                                                                 65 euros<\/span><\/p>\n\n\n\n<p class=\"has-very-dark-gray-color has-text-color\"><span class=\"has-inline-color has-black-color\">Massage Bien-\u00eatre dos 30min:                                                        45 euros<\/span><\/p>\n\n\n\n<p class=\"has-very-dark-gray-color has-text-color\"><span class=\"has-inline-color has-black-color\">Massage Bien-\u00eatre corps 1h:                                                            65 euros<\/span><\/p>\n\n\n\n<p class=\"has-very-dark-gray-color has-text-color\"><span class=\"has-inline-color has-black-color\">Massage aromatique dos 30 min:                                                   45 euros<\/span><\/p>\n\n\n\n<p class=\"has-very-dark-gray-color has-text-color\"><span class=\"has-inline-color has-black-color\">Massage aromatique corps 1h:                                                       79 euros<\/span><\/p>\n\n\n\n<p>                                            <\/p>\n","protected":false},"excerpt":{"rendered":"<p>Formations La demi journ\u00e9e: 65 euros La journ\u00e9e compl\u00e8te: 129 euros Energ\u00e9tique Num\u00e9rologie Tib\u00e9taine et interpr\u00e9tations adulte 1h: 65 euros New paradigm MDT ou LaHoChi 1h adulte et ados: 65 euros Nettoyage \u00e9nerg\u00e9tique de votre maison\/h: 65 euros Accompagnement\/coaching bien-\u00eatre 1h: 65 euros Massages Massage m\u00e9tamorphique 1h: 65 euros Massage \u00e9nerg\u00e9tique 1h: 65 euros Massage [&hellip;]<\/p>\n","protected":false},"author":1,"featured_media":0,"parent":0,"menu_order":0,"comment_status":"closed","ping_status":"closed","template":"","meta":{"footnotes":""},"class_list":["post-98","page","type-page","status-publish","hentry"],"_links":{"self":[{"href":"https:\/\/l-florescence.be\/index.php\/wp-json\/wp\/v2\/pages\/98","targetHints":{"allow":["GET"]}}],"collection":[{"href":"https:\/\/l-florescence.be\/index.php\/wp-json\/wp\/v2\/pages"}],"about":[{"href":"https:\/\/l-florescence.be\/index.php\/wp-json\/wp\/v2\/types\/page"}],"author":[{"embeddable":true,"href":"https:\/\/l-florescence.be\/index.php\/wp-json\/wp\/v2\/users\/1"}],"replies":[{"embeddable":true,"href":"https:\/\/l-florescence.be\/index.php\/wp-json\/wp\/v2\/comments?post=98"}],"version-history":[{"count":13,"href":"https:\/\/l-florescence.be\/index.php\/wp-json\/wp\/v2\/pages\/98\/revisions"}],"predecessor-version":[{"id":419,"href":"https:\/\/l-florescence.be\/index.php\/wp-json\/wp\/v2\/pages\/98\/revisions\/419"}],"wp:attachment":[{"href":"https:\/\/l-florescence.be\/index.php\/wp-json\/wp\/v2\/media?parent=98"}],"curies":[{"name":"wp","href":"https:\/\/api.w.org\/{rel}","templated":true}]}}