{"id":339,"date":"2021-01-10T16:59:12","date_gmt":"2021-01-10T15:59:12","guid":{"rendered":"https:\/\/l-florescence.be\/?page_id=339"},"modified":"2021-01-15T09:58:43","modified_gmt":"2021-01-15T08:58:43","slug":"accompagnement-coaching","status":"publish","type":"page","link":"https:\/\/l-florescence.be\/index.php\/accompagnement-coaching\/","title":{"rendered":"Accompagnement"},"content":{"rendered":"\n<h4 class=\"wp-block-heading\"><strong>Objectif<\/strong><\/h4>\n\n\n\n<p><span class=\"has-inline-color has-black-color\">Faire \u00e9voluer&nbsp; votre mental d\u2019un naturel pessimiste, n\u00e9gatif,&nbsp;\u2026 vers un mental positif, joyeux, plein de bonheur et de gratitude en imaginant et r\u00e9alisant ce que l\u2019on veut vraiment&nbsp;<\/span><\/p>\n\n\n\n<h4 class=\"wp-block-heading\"><strong>Proc\u00e9d\u00e9<\/strong><\/h4>\n\n\n\n<p><span class=\"has-inline-color has-black-color\">Cet accompagnement se d\u00e9roule en plusieurs s\u00e9ances qui seront \u00e9tal\u00e9es sur plusieurs semaines ou mois selon vos besoins et votre avancement dans la r\u00e9alisation des exercices.<\/span><\/p>\n\n\n\n<p><span class=\"has-inline-color has-black-color\">Cela va vous demandez de l\u2019investissement et de l\u2019engagement pour au final, atteindre un mieux-\u00eatre g\u00e9n\u00e9ral.<\/span><\/p>\n\n\n\n<p><span class=\"has-inline-color has-black-color\">Il y aura plusieurs exercices d\u2019\u00e9criture pour vous aidez lors de ce processus.<\/span><\/p>\n\n\n\n<p><span class=\"has-inline-color has-black-color\">Nous allons reprogrammer votre Univers \u00e0 l\u2019aide de l\u2019Univers.<\/span><\/p>\n\n\n\n<p><span class=\"has-inline-color has-black-color\">Chaque personne est unique et a des besoins uniques.<\/span><\/p>\n\n\n\n<p><span class=\"has-inline-color has-black-color\">Le tout est de les connaitre&nbsp;!!!<\/span><\/p>\n\n\n\n<p><span class=\"has-inline-color has-black-color\">Ensemble, nous irons \u00e0 la recherche de votre objectif.<\/span><\/p>\n\n\n\n<h4 class=\"wp-block-heading\"><strong>Indication\u00a0:<\/strong><\/h4>\n\n\n\n<p><span class=\"has-inline-color has-black-color\">Ces exercices sont conseill\u00e9s aux personnes se trouvant confront\u00e9es \u00e0 des conflits \u00e9motionnels non r\u00e9solus ayant laiss\u00e9 des traces inconscientes et qui nous influencent encore au pr\u00e9sent.<\/span><\/p>\n\n\n\n<p><span class=\"has-inline-color has-black-color\">Il est conseill\u00e9 lors de changement d\u2019activit\u00e9, &nbsp;mise en place de nouveaux projets.<\/span><\/p>\n\n\n\n<p><span class=\"has-inline-color has-black-color\">Il aide lors de burn-out ou tout autre \u00e9tat de stress, dans les cas de convalescence, d\u00e9prime, anxi\u00e9t\u00e9, incertitude, agitation, trouble du sommeil.<\/span><\/p>\n\n\n\n<p><span class=\"has-inline-color has-black-color\">C\u2019est un outil compl\u00e9mentaire \u00e0 tous les autres types de th\u00e9rapie.<\/span><\/p>\n","protected":false},"excerpt":{"rendered":"<p>Objectif Faire \u00e9voluer&nbsp; votre mental d\u2019un naturel pessimiste, n\u00e9gatif,&nbsp;\u2026 vers un mental positif, joyeux, plein de bonheur et de gratitude en imaginant et r\u00e9alisant ce que l\u2019on veut vraiment&nbsp; Proc\u00e9d\u00e9 Cet accompagnement se d\u00e9roule en plusieurs s\u00e9ances qui seront \u00e9tal\u00e9es sur plusieurs semaines ou mois selon vos besoins et votre avancement dans la r\u00e9alisation des [&hellip;]<\/p>\n","protected":false},"author":1,"featured_media":0,"parent":0,"menu_order":0,"comment_status":"closed","ping_status":"closed","template":"","meta":{"footnotes":""},"class_list":["post-339","page","type-page","status-publish","hentry"],"_links":{"self":[{"href":"https:\/\/l-florescence.be\/index.php\/wp-json\/wp\/v2\/pages\/339","targetHints":{"allow":["GET"]}}],"collection":[{"href":"https:\/\/l-florescence.be\/index.php\/wp-json\/wp\/v2\/pages"}],"about":[{"href":"https:\/\/l-florescence.be\/index.php\/wp-json\/wp\/v2\/types\/page"}],"author":[{"embeddable":true,"href":"https:\/\/l-florescence.be\/index.php\/wp-json\/wp\/v2\/users\/1"}],"replies":[{"embeddable":true,"href":"https:\/\/l-florescence.be\/index.php\/wp-json\/wp\/v2\/comments?post=339"}],"version-history":[{"count":6,"href":"https:\/\/l-florescence.be\/index.php\/wp-json\/wp\/v2\/pages\/339\/revisions"}],"predecessor-version":[{"id":381,"href":"https:\/\/l-florescence.be\/index.php\/wp-json\/wp\/v2\/pages\/339\/revisions\/381"}],"wp:attachment":[{"href":"https:\/\/l-florescence.be\/index.php\/wp-json\/wp\/v2\/media?parent=339"}],"curies":[{"name":"wp","href":"https:\/\/api.w.org\/{rel}","templated":true}]}}