{"id":338,"date":"2021-01-10T16:59:12","date_gmt":"2021-01-10T15:59:12","guid":{"rendered":"https:\/\/l-florescence.be\/?page_id=338"},"modified":"2021-01-10T17:53:00","modified_gmt":"2021-01-10T16:53:00","slug":"numerologie-tibetaine","status":"publish","type":"page","link":"https:\/\/l-florescence.be\/index.php\/numerologie-tibetaine\/","title":{"rendered":"Num\u00e9rologie Tib\u00e9taine"},"content":{"rendered":"\n<p class=\"has-very-dark-gray-color has-text-color\"><em>La Num\u00e9rologie est une science claire, pr\u00e9cise, rigoureuse et g\u00e9n\u00e9reuse en donn\u00e9es, elle permet de r\u00e9v\u00e9ler, d\u00e9velopper et comprendre les forces et limites de chacun en cr\u00e9ant une \u00ab\u00a0carte d&rsquo;identit\u00e9 vibratoire de la personne\u00a0\u00bb<\/em><\/p>\n\n\n\n<p class=\"has-very-dark-gray-color has-text-color\"><em>Que signifient votre date de naissance, votre nom et vos pr\u00e9noms ? <\/em><\/p>\n\n\n\n<p class=\"has-very-dark-gray-color has-text-color\"><em>Plus qu\u2019un ensemble de chiffres et de lettres, votre date de naissance, votre nom et vos pr\u00e9noms sont la cl\u00e9 de votre vie.  Chaque chiffre \u00e0 une symbolique et donc, chaque personne poss\u00e8de gr\u00e2ce \u00e0 sa date de naissance, son nom de famille et ses pr\u00e9noms sa propre cl\u00e9 de Vie. <\/em><\/p>\n\n\n\n<p class=\"has-very-dark-gray-color has-text-color\"><em>Une cl\u00e9 qui permet de savoir quels sont vos difficult\u00e9s ou cadeaux et de savoir les exploiter.<\/em><\/p>\n","protected":false},"excerpt":{"rendered":"<p>La Num\u00e9rologie est une science claire, pr\u00e9cise, rigoureuse et g\u00e9n\u00e9reuse en donn\u00e9es, elle permet de r\u00e9v\u00e9ler, d\u00e9velopper et comprendre les forces et limites de chacun en cr\u00e9ant une \u00ab\u00a0carte d&rsquo;identit\u00e9 vibratoire de la personne\u00a0\u00bb Que signifient votre date de naissance, votre nom et vos pr\u00e9noms ? Plus qu\u2019un ensemble de chiffres et de lettres, votre [&hellip;]<\/p>\n","protected":false},"author":1,"featured_media":0,"parent":0,"menu_order":0,"comment_status":"closed","ping_status":"closed","template":"","meta":{"footnotes":""},"class_list":["post-338","page","type-page","status-publish","hentry"],"_links":{"self":[{"href":"https:\/\/l-florescence.be\/index.php\/wp-json\/wp\/v2\/pages\/338","targetHints":{"allow":["GET"]}}],"collection":[{"href":"https:\/\/l-florescence.be\/index.php\/wp-json\/wp\/v2\/pages"}],"about":[{"href":"https:\/\/l-florescence.be\/index.php\/wp-json\/wp\/v2\/types\/page"}],"author":[{"embeddable":true,"href":"https:\/\/l-florescence.be\/index.php\/wp-json\/wp\/v2\/users\/1"}],"replies":[{"embeddable":true,"href":"https:\/\/l-florescence.be\/index.php\/wp-json\/wp\/v2\/comments?post=338"}],"version-history":[{"count":3,"href":"https:\/\/l-florescence.be\/index.php\/wp-json\/wp\/v2\/pages\/338\/revisions"}],"predecessor-version":[{"id":357,"href":"https:\/\/l-florescence.be\/index.php\/wp-json\/wp\/v2\/pages\/338\/revisions\/357"}],"wp:attachment":[{"href":"https:\/\/l-florescence.be\/index.php\/wp-json\/wp\/v2\/media?parent=338"}],"curies":[{"name":"wp","href":"https:\/\/api.w.org\/{rel}","templated":true}]}}