{"id":253,"date":"2019-10-25T11:28:25","date_gmt":"2019-10-25T09:28:25","guid":{"rendered":"https:\/\/l-florescence.be\/?page_id=253"},"modified":"2021-01-15T10:44:53","modified_gmt":"2021-01-15T09:44:53","slug":"cheques-cadeaux","status":"publish","type":"page","link":"https:\/\/l-florescence.be\/index.php\/cheques-cadeaux\/","title":{"rendered":"Ch\u00e8ques cadeaux"},"content":{"rendered":"\n<h3 class=\"wp-block-heading\"><strong><em>Pour les futurs parents<\/em><\/strong><\/h3>\n\n\n\n<hr class=\"wp-block-separator\"\/>\n\n\n\n<p class=\"has-very-dark-gray-color has-text-color\"><span class=\"has-inline-color has-black-color\">Vous pouvez g\u00e2ter les futurs parents en leur offrant un ch\u00e8que cadeau de 4 s\u00e9ances de 1 heure au prix de 200 euros pour que ceux-ci apprennent \u00e0 masser leur b\u00e9b\u00e9 et ainsi \u00e0 cr\u00e9er des liens fort entre eux et leur enfant.<\/span><\/p>\n\n\n\n<h3 class=\"wp-block-heading\"><strong><em>Bon cadeau pour tous<\/em><\/strong><\/h3>\n\n\n\n<hr class=\"wp-block-separator\"\/>\n\n\n\n<p class=\"has-very-dark-gray-color has-text-color\"><span class=\"has-inline-color has-black-color\">N&rsquo;oubliez pas de g\u00e2ter vos proches, amis, enfants,.. avec nos ch\u00e8ques  cadeaux.<\/span><\/p>\n\n\n\n<figure class=\"wp-block-image\"><img loading=\"lazy\" decoding=\"async\" width=\"1010\" height=\"480\" src=\"https:\/\/l-florescence.be\/wp-content\/uploads\/2019\/11\/ch\u00e8que-cadeau.png\" alt=\"\" class=\"wp-image-300\" srcset=\"https:\/\/l-florescence.be\/wp-content\/uploads\/2019\/11\/ch\u00e8que-cadeau.png 1010w, https:\/\/l-florescence.be\/wp-content\/uploads\/2019\/11\/ch\u00e8que-cadeau-300x143.png 300w, https:\/\/l-florescence.be\/wp-content\/uploads\/2019\/11\/ch\u00e8que-cadeau-768x365.png 768w\" sizes=\"auto, (max-width: 1010px) 100vw, 1010px\" \/><\/figure>\n\n\n\n<h3 class=\"wp-block-heading\"><strong><em>Carte de Fid\u00e9lit\u00e9<\/em><\/strong><\/h3>\n\n\n\n<hr class=\"wp-block-separator\"\/>\n\n\n\n<p class=\"has-very-dark-gray-color has-text-color\"><span class=\"has-inline-color has-black-color\"><strong><em>Apr\u00e8s 5 soins, r\u00e9duction de 10 euros sur le soin suivant dans la m\u00eame tranche d&rsquo;achat<\/em><\/strong>.<\/span><\/p>\n\n\n\n<figure class=\"wp-block-image\"><img loading=\"lazy\" decoding=\"async\" width=\"427\" height=\"659\" src=\"https:\/\/l-florescence.be\/wp-content\/uploads\/2019\/11\/carte-de-fid\u00e9lit\u00e9.png\" alt=\"\" class=\"wp-image-301\" srcset=\"https:\/\/l-florescence.be\/wp-content\/uploads\/2019\/11\/carte-de-fid\u00e9lit\u00e9.png 427w, https:\/\/l-florescence.be\/wp-content\/uploads\/2019\/11\/carte-de-fid\u00e9lit\u00e9-194x300.png 194w\" sizes=\"auto, (max-width: 427px) 100vw, 427px\" \/><\/figure>\n","protected":false},"excerpt":{"rendered":"<p>Pour les futurs parents Vous pouvez g\u00e2ter les futurs parents en leur offrant un ch\u00e8que cadeau de 4 s\u00e9ances de 1 heure au prix de 200 euros pour que ceux-ci apprennent \u00e0 masser leur b\u00e9b\u00e9 et ainsi \u00e0 cr\u00e9er des liens fort entre eux et leur enfant. Bon cadeau pour tous N&rsquo;oubliez pas de g\u00e2ter [&hellip;]<\/p>\n","protected":false},"author":1,"featured_media":0,"parent":0,"menu_order":0,"comment_status":"closed","ping_status":"closed","template":"","meta":{"footnotes":""},"class_list":["post-253","page","type-page","status-publish","hentry"],"_links":{"self":[{"href":"https:\/\/l-florescence.be\/index.php\/wp-json\/wp\/v2\/pages\/253","targetHints":{"allow":["GET"]}}],"collection":[{"href":"https:\/\/l-florescence.be\/index.php\/wp-json\/wp\/v2\/pages"}],"about":[{"href":"https:\/\/l-florescence.be\/index.php\/wp-json\/wp\/v2\/types\/page"}],"author":[{"embeddable":true,"href":"https:\/\/l-florescence.be\/index.php\/wp-json\/wp\/v2\/users\/1"}],"replies":[{"embeddable":true,"href":"https:\/\/l-florescence.be\/index.php\/wp-json\/wp\/v2\/comments?post=253"}],"version-history":[{"count":11,"href":"https:\/\/l-florescence.be\/index.php\/wp-json\/wp\/v2\/pages\/253\/revisions"}],"predecessor-version":[{"id":392,"href":"https:\/\/l-florescence.be\/index.php\/wp-json\/wp\/v2\/pages\/253\/revisions\/392"}],"wp:attachment":[{"href":"https:\/\/l-florescence.be\/index.php\/wp-json\/wp\/v2\/media?parent=253"}],"curies":[{"name":"wp","href":"https:\/\/api.w.org\/{rel}","templated":true}]}}