{"id":252,"date":"2019-10-25T11:28:25","date_gmt":"2019-10-25T09:28:25","guid":{"rendered":"https:\/\/l-florescence.be\/?page_id=252"},"modified":"2025-11-20T10:37:19","modified_gmt":"2025-11-20T09:37:19","slug":"soins-energetiques","status":"publish","type":"page","link":"https:\/\/l-florescence.be\/index.php\/soins-energetiques\/","title":{"rendered":"Soins \u00e9nerg\u00e9tiques"},"content":{"rendered":"\n<h3 class=\"wp-block-heading\"><strong><em>Le New Paradigm MDT \u00a9 ou LaHoChi<\/em><\/strong><\/h3>\n\n\n\n<hr class=\"wp-block-separator\"\/>\n\n\n\n<p class=\"has-very-dark-gray-color has-text-color\"><span class=\"has-inline-color has-black-color\">Le New Paradigm MDT\u00a9 ou LaHoChi: approche \u00e9sot\u00e9rique et mystique consistant \u00e0 une imposition des mains pour une transmission de l&rsquo;\u00e9nergie universelle via le \u00ab\u00a0canal\u00a0\u00bb du praticien. Il permet r\u00e9\u00e9quilibrage et harmonie, aide dans de nombreuses pathologies.<\/span><\/p>\n\n\n\n<p class=\"has-very-dark-gray-color has-text-color\"><span class=\"has-inline-color has-black-color\">Il s&rsquo;effectue habill\u00e9 et m\u00eame parfois \u00e0 distance.<\/span><\/p>\n\n\n\n<p class=\"has-very-dark-gray-color has-text-color\"><span class=\"has-inline-color has-black-color\">Une s\u00e9ance de New Paradigm MDT\u00a9 ou de LaHoChi se veut agr\u00e9able et relaxante et est souvent utilis\u00e9e pour le bien-\u00eatre personnel.<\/span><\/p>\n\n\n\n<p class=\"has-very-dark-gray-color has-text-color\"><span class=\"has-inline-color has-black-color\">Une discussion aura lieu lors d&rsquo;une premi\u00e8re s\u00e9ance avec le praticien. Ce dernier vous donnera l&rsquo;occasion de discuter de tout probl\u00e8me particulier et vous demandera ce que vous esp\u00e9rez obtenir de la m\u00e9thode.<\/span><\/p>\n\n\n\n<p class=\"has-very-dark-gray-color has-text-color\"><span class=\"has-inline-color has-black-color\">Pour la s\u00e9ance \u00e0 proprement parler, vous reposerez confortablement sur une table de massage sur le dos ou sur une chaise, chaussures \u00f4t\u00e9es et si possible avec des v\u00eatements amples et confortables.<\/span><\/p>\n\n\n\n<p><span class=\"has-inline-color has-black-color\">La s\u00e9ance se poursuivra ensuite \u00e0 travers diff\u00e9rentes positions sp\u00e9cifiques des mains du praticiens, allant de la t\u00eate aux pieds en exer\u00e7ant de l\u00e9g\u00e8res pressions. Vous pourrez alors ressentir une sensation de r\u00e9chauffement ou de picotement durant la s\u00e9ance, en plus d&rsquo;\u00eatre plong\u00e9 dans un intense \u00e9tat de relaxation.<\/span><\/p>\n\n\n\n<h3 class=\"wp-block-heading\"><strong><em>Massage \u00e9nerg\u00e9tique<\/em><\/strong><\/h3>\n\n\n\n<hr class=\"wp-block-separator\"\/>\n\n\n\n<p class=\"has-very-dark-gray-color has-text-color\"><span class=\"has-inline-color has-black-color\">Ce massage r\u00e9\u00e9quilibre le tonus musculaire dans l&rsquo;ensemble du corps, lib\u00e8re la respiration et favorise la circulation. Son effet est puissant et renforce l&rsquo;impression d&rsquo;unit\u00e9 et d&rsquo;ancrage du corps.<\/span><\/p>\n\n\n\n<p class=\"has-very-dark-gray-color has-text-color\"><span class=\"has-inline-color has-black-color\">Bas\u00e9 sur la m\u00e9decine traditionnelle chinoise, ce massage vise \u00e0 harmoniser la circulation de l\u2019\u00e9nergie Qi, notamment via un travail sur les points d&rsquo;acupuncture le long des m\u00e9ridiens.<\/span><\/p>\n\n\n\n<h3 class=\"wp-block-heading\"><strong><em>Nettoyage \u00e9nerg\u00e9tique de maison<\/em><\/strong><\/h3>\n\n\n\n<hr class=\"wp-block-separator\"\/>\n\n\n\n<p><span class=\"has-inline-color has-black-color\">L&rsquo;objectif est d&rsquo;\u00e9liminer les \u00e9nergies n\u00e9gatives autour de vous afin de vivre dans un environnement plus positif.<\/span><\/p>\n\n\n\n<p><span class=\"has-inline-color has-black-color\">Il existe plusieurs outils et m\u00e9thodes diff\u00e9rentes pour ce nettoyage et augmenter les vibrations autour de vous afin de vivre plus en harmonie avec son environnement.<\/span><\/p>\n\n\n\n<p><span class=\"has-inline-color has-black-color\">Ces nettoyages et purifications aident \u00e0 stimuler l\u2019\u00e9nergie de gu\u00e9rison.<\/span><\/p>\n\n\n\n<p><span class=\"has-inline-color has-black-color\">Indiquer lorsque&nbsp;:<\/span><\/p>\n\n\n\n<p><span class=\"has-inline-color has-black-color\">Vous accumulez la malchance,<\/span><\/p>\n\n\n\n<p><span class=\"has-inline-color has-black-color\">Que vous ne vous sentez pas en s\u00e9curit\u00e9,<\/span><\/p>\n\n\n\n<p><span class=\"has-inline-color has-black-color\">Que vous ressentez &nbsp;un mal \u00eatre, de l\u2019angoisse, des \u00e9nergies n\u00e9gatives dans votre lieu de vie,<\/span><\/p>\n\n\n\n<p><span class=\"has-inline-color has-black-color\">Lors de burn-out ou tout autre \u00e9tat de stress, dans les cas de convalescence, d\u00e9prime, anxi\u00e9t\u00e9, incertitude, agitation, trouble du sommeil.<\/span><\/p>\n\n\n\n<h3 class=\"wp-block-heading\"><strong><em>Massage m\u00e9tamorphique<\/em><\/strong><\/h3>\n\n\n\n<hr class=\"wp-block-separator\"\/>\n\n\n\n<p class=\"has-very-dark-gray-color has-text-color\"><span class=\"has-inline-color has-black-color\">Il s&rsquo;agit d&rsquo;un massage doux visant \u00e0 harmoniser les vibrations des 3 corps: physique, \u00e9motionnel et spirituel.<\/span><\/p>\n\n\n\n<p class=\"has-very-dark-gray-color has-text-color\"><span class=\"has-inline-color has-black-color\">C&rsquo;est une approche unique permettant de g\u00e9rer ses probl\u00e8mes personnels, il lib\u00e8re les blocages inscrits dans la m\u00e9moire cellulaire.<\/span><\/p>\n\n\n\n<p class=\"has-very-dark-gray-color has-text-color\"><span class=\"has-inline-color has-black-color\">Le praticien offre au patient un espace int\u00e9rieur libre sans aucun objectif particulier ou id\u00e9e pr\u00e9con\u00e7ue qui va permettre \u00e0 l&rsquo;\u00e9nergie vitale de la personne d&rsquo;agir o\u00f9 elle en a besoin.<\/span><\/p>\n\n\n\n<p class=\"has-very-dark-gray-color has-text-color\"><span class=\"has-inline-color has-black-color\">Au niveau m\u00e9thodologique, il s&rsquo;op\u00e8re par un toucher l\u00e9ger sur le sch\u00e9ma pr\u00e9natal des pieds, des mains et de la t\u00eate, l\u00e0 o\u00f9 se trouvent les points r\u00e9flexes vert\u00e9braux.<\/span><\/p>\n","protected":false},"excerpt":{"rendered":"<p>Le New Paradigm MDT \u00a9 ou LaHoChi Le New Paradigm MDT\u00a9 ou LaHoChi: approche \u00e9sot\u00e9rique et mystique consistant \u00e0 une imposition des mains pour une transmission de l&rsquo;\u00e9nergie universelle via le \u00ab\u00a0canal\u00a0\u00bb du praticien. Il permet r\u00e9\u00e9quilibrage et harmonie, aide dans de nombreuses pathologies. Il s&rsquo;effectue habill\u00e9 et m\u00eame parfois \u00e0 distance. Une s\u00e9ance de [&hellip;]<\/p>\n","protected":false},"author":1,"featured_media":0,"parent":0,"menu_order":0,"comment_status":"closed","ping_status":"closed","template":"","meta":{"footnotes":""},"class_list":["post-252","page","type-page","status-publish","hentry"],"_links":{"self":[{"href":"https:\/\/l-florescence.be\/index.php\/wp-json\/wp\/v2\/pages\/252","targetHints":{"allow":["GET"]}}],"collection":[{"href":"https:\/\/l-florescence.be\/index.php\/wp-json\/wp\/v2\/pages"}],"about":[{"href":"https:\/\/l-florescence.be\/index.php\/wp-json\/wp\/v2\/types\/page"}],"author":[{"embeddable":true,"href":"https:\/\/l-florescence.be\/index.php\/wp-json\/wp\/v2\/users\/1"}],"replies":[{"embeddable":true,"href":"https:\/\/l-florescence.be\/index.php\/wp-json\/wp\/v2\/comments?post=252"}],"version-history":[{"count":17,"href":"https:\/\/l-florescence.be\/index.php\/wp-json\/wp\/v2\/pages\/252\/revisions"}],"predecessor-version":[{"id":417,"href":"https:\/\/l-florescence.be\/index.php\/wp-json\/wp\/v2\/pages\/252\/revisions\/417"}],"wp:attachment":[{"href":"https:\/\/l-florescence.be\/index.php\/wp-json\/wp\/v2\/media?parent=252"}],"curies":[{"name":"wp","href":"https:\/\/api.w.org\/{rel}","templated":true}]}}