{"id":154,"date":"2019-10-01T10:17:58","date_gmt":"2019-10-01T08:17:58","guid":{"rendered":"https:\/\/l-florescence.be\/?page_id=154"},"modified":"2025-11-20T10:29:59","modified_gmt":"2025-11-20T09:29:59","slug":"descriptions","status":"publish","type":"page","link":"https:\/\/l-florescence.be\/index.php\/descriptions\/","title":{"rendered":"Massages"},"content":{"rendered":"\n<h3 class=\"wp-block-heading\"><strong><em>Massage Aromath\u00e9rapeutique<\/em><\/strong><\/h3>\n\n\n\n<hr class=\"wp-block-separator\"\/>\n\n\n\n<p class=\"has-very-dark-gray-color has-text-color\"><span class=\"has-inline-color has-black-color\">Ce massage aux huiles essentielles a pour but d&rsquo;harmoniser la sant\u00e9 physique et mental. L&rsquo;utilisation des huiles se fait par voie olfactive (diffusion atmosph\u00e9rique ou inhalation) et par voie cutan\u00e9e. Les huiles essentielles apportent un effet relaxant et r\u00e9duit les sympt\u00f4mes de d\u00e9pression, ce massage est donc conseill\u00e9 aux personnes souffrant de stress, anxi\u00e9t\u00e9 et d&rsquo;insomnie.<\/span><\/p>\n\n\n\n<h3 class=\"wp-block-heading\"><strong><em>Massage Bien-\u00eatre relaxant<\/em><\/strong><\/h3>\n\n\n\n<hr class=\"wp-block-separator\"\/>\n\n\n\n<p class=\"has-very-dark-gray-color has-text-color\"><span class=\"has-inline-color has-black-color\">Le massage bien-\u00eatre vise \u00e0 une meilleure hygi\u00e8ne de vie, \u00e0 la tranquillit\u00e9 du corps et de l&rsquo;esprit; mais aussi \u00e0 l&rsquo;\u00e9quilibre global et \u00e0 l&rsquo;\u00e9panouissement personnel dans une unit\u00e9 retrouv\u00e9e. Pour les personnes voulant acc\u00e9der au l\u00e2cher prise ou \u00e0 diminuer leur fatigue<\/span><\/p>\n","protected":false},"excerpt":{"rendered":"<p>Massage Aromath\u00e9rapeutique Ce massage aux huiles essentielles a pour but d&rsquo;harmoniser la sant\u00e9 physique et mental. L&rsquo;utilisation des huiles se fait par voie olfactive (diffusion atmosph\u00e9rique ou inhalation) et par voie cutan\u00e9e. Les huiles essentielles apportent un effet relaxant et r\u00e9duit les sympt\u00f4mes de d\u00e9pression, ce massage est donc conseill\u00e9 aux personnes souffrant de stress, [&hellip;]<\/p>\n","protected":false},"author":1,"featured_media":0,"parent":0,"menu_order":0,"comment_status":"closed","ping_status":"closed","template":"","meta":{"footnotes":""},"class_list":["post-154","page","type-page","status-publish","hentry"],"_links":{"self":[{"href":"https:\/\/l-florescence.be\/index.php\/wp-json\/wp\/v2\/pages\/154","targetHints":{"allow":["GET"]}}],"collection":[{"href":"https:\/\/l-florescence.be\/index.php\/wp-json\/wp\/v2\/pages"}],"about":[{"href":"https:\/\/l-florescence.be\/index.php\/wp-json\/wp\/v2\/types\/page"}],"author":[{"embeddable":true,"href":"https:\/\/l-florescence.be\/index.php\/wp-json\/wp\/v2\/users\/1"}],"replies":[{"embeddable":true,"href":"https:\/\/l-florescence.be\/index.php\/wp-json\/wp\/v2\/comments?post=154"}],"version-history":[{"count":18,"href":"https:\/\/l-florescence.be\/index.php\/wp-json\/wp\/v2\/pages\/154\/revisions"}],"predecessor-version":[{"id":414,"href":"https:\/\/l-florescence.be\/index.php\/wp-json\/wp\/v2\/pages\/154\/revisions\/414"}],"wp:attachment":[{"href":"https:\/\/l-florescence.be\/index.php\/wp-json\/wp\/v2\/media?parent=154"}],"curies":[{"name":"wp","href":"https:\/\/api.w.org\/{rel}","templated":true}]}}