{"id":12,"date":"2019-06-05T10:26:45","date_gmt":"2019-06-05T08:26:45","guid":{"rendered":"http:\/\/l-florescence.be\/?page_id=12"},"modified":"2022-01-28T08:58:37","modified_gmt":"2022-01-28T07:58:37","slug":"une-section-de-page-daccueil","status":"publish","type":"page","link":"https:\/\/l-florescence.be\/","title":{"rendered":"Pr\u00e9sentation"},"content":{"rendered":"<p><span style=\"color: #000000;\"><strong><em data-rich-text-format-boundary=\"true\">\u00ab\u00a0Le plus grand secret du bonheur est d&rsquo;\u00eatre bien avec soi\u00a0\u00bb Socrate<\/em><\/strong><\/span><\/p>\n\n\n<p class=\"has-very-dark-gray-color has-text-color\"><span class=\"has-inline-color has-black-color\">Vous \u00eates-vous d\u00e9j\u00e0 pos\u00e9 les questions suivantes:<\/span><\/p>\n\n\n\n<p><span class=\"has-inline-color has-black-color\">Est-ce que je m&rsquo;accorde assez de temps?<\/span><\/p>\n\n\n\n<p><span class=\"has-inline-color has-black-color\">Ai-je envie de changer mon \u00e9tat de conscience?<\/span><\/p>\n\n\n\n<p><span class=\"has-inline-color has-black-color\">Suis-je connect\u00e9 \u00e0 moi-m\u00eame?<\/span><\/p>\n\n\n\n<p><span class=\"has-inline-color has-black-color\">Qui suis-je?<\/span><\/p>\n\n\n\n<p><span class=\"has-inline-color has-black-color\">Ai-je le pouvoir sur moi-m\u00eame?<\/span><\/p>\n\n\n\n<p><span class=\"has-inline-color has-black-color\">Pour vous aider \u00e0 y voir plus clair et trouver votre harmonie corporelle et spirituelle, je vous propose:<\/span><\/p>\n\n\n\n<p><strong><em><span class=\"has-inline-color has-black-color\">Des formations et\/ou accompagnement \u00ab\u00a0bien-\u00eatre\u00a0\u00bb<\/span><\/em><\/strong><\/p>\n\n\n\n<p><span class=\"has-inline-color has-black-color\">A la suite d&rsquo;une r\u00e9flexion partag\u00e9e, nous choisirons ensemble les cl\u00e9s qui vous permettront de prendre conscience de vos vrais besoins afin d&rsquo;y r\u00e9pondre et de retrouver un \u00e9quilibre psychique et physique pour, au final, parvenir \u00e0 s&rsquo;accepter sans jugement.<\/span><\/p>\n\n\n\n<p class=\"has-very-dark-gray-color has-text-color\"><em><span class=\"has-inline-color has-black-color\"><strong>Des soins \u00e9nerg\u00e9tiques et des massages pour retrouver une liaison entre le corps, l&rsquo;\u00e2me et l&rsquo;esprit.<\/strong><\/span><\/em><\/p>\n\n\n\n<p><span class=\"has-inline-color has-black-color\">Je travaille sur rendez-vous \u00e0 votre domicile, en visio-conf\u00e9rence ou \u00e0 Flavion, rue du Tram, n\u00b06<\/span><\/p>\n\n\n\n<p><span class=\"has-inline-color has-black-color\">L&rsquo;ensemble de mes prestations ne se substitue en aucun cas \u00e0 un traitement et \u00e0 un suivi m\u00e9dical et n&rsquo;a pas de caract\u00e8re sexuel, ni sensuel.<\/span><\/p>\n\n\n\n<p><\/p>\n","protected":false},"excerpt":{"rendered":"<p>\u00ab\u00a0Le plus grand secret du bonheur est d&rsquo;\u00eatre bien avec soi\u00a0\u00bb Socrate Vous \u00eates-vous d\u00e9j\u00e0 pos\u00e9 les questions suivantes: Est-ce que je m&rsquo;accorde assez de temps? Ai-je envie de changer mon \u00e9tat de conscience? Suis-je connect\u00e9 \u00e0 moi-m\u00eame? Qui suis-je? Ai-je le pouvoir sur moi-m\u00eame? Pour vous aider \u00e0 y voir plus clair et trouver [&hellip;]<\/p>\n","protected":false},"author":1,"featured_media":219,"parent":0,"menu_order":0,"comment_status":"closed","ping_status":"closed","template":"template-home.php","meta":{"footnotes":""},"class_list":["post-12","page","type-page","status-publish","has-post-thumbnail","hentry"],"_links":{"self":[{"href":"https:\/\/l-florescence.be\/index.php\/wp-json\/wp\/v2\/pages\/12","targetHints":{"allow":["GET"]}}],"collection":[{"href":"https:\/\/l-florescence.be\/index.php\/wp-json\/wp\/v2\/pages"}],"about":[{"href":"https:\/\/l-florescence.be\/index.php\/wp-json\/wp\/v2\/types\/page"}],"author":[{"embeddable":true,"href":"https:\/\/l-florescence.be\/index.php\/wp-json\/wp\/v2\/users\/1"}],"replies":[{"embeddable":true,"href":"https:\/\/l-florescence.be\/index.php\/wp-json\/wp\/v2\/comments?post=12"}],"version-history":[{"count":12,"href":"https:\/\/l-florescence.be\/index.php\/wp-json\/wp\/v2\/pages\/12\/revisions"}],"predecessor-version":[{"id":408,"href":"https:\/\/l-florescence.be\/index.php\/wp-json\/wp\/v2\/pages\/12\/revisions\/408"}],"wp:featuredmedia":[{"embeddable":true,"href":"https:\/\/l-florescence.be\/index.php\/wp-json\/wp\/v2\/media\/219"}],"wp:attachment":[{"href":"https:\/\/l-florescence.be\/index.php\/wp-json\/wp\/v2\/media?parent=12"}],"curies":[{"name":"wp","href":"https:\/\/api.w.org\/{rel}","templated":true}]}}